{"id":271729,"date":"2024-06-18T15:34:44","date_gmt":"2024-06-18T15:34:44","guid":{"rendered":"https:\/\/www.wobi.com\/?page_id=271729"},"modified":"2025-08-29T07:24:07","modified_gmt":"2025-08-29T07:24:07","slug":"become-a-speaker","status":"publish","type":"page","link":"https:\/\/www.wobi.com\/es\/become-a-speaker\/","title":{"rendered":"Become a Speaker"},"content":{"rendered":"<p>[et_pb_section fb_built=&#8221;1&#8243; _builder_version=&#8221;4.27.4&#8243; _module_preset=&#8221;default&#8221; background_image=&#8221;https:\/\/www.wobi.com\/wp-content\/uploads\/2025\/08\/A7406676_1b_generate_1.webp?_t=1756209500&#8243; height=&#8221;450px&#8221; custom_css_main_element=&#8221;display: flex;||justify-content: center;&#8221; da_disable_devices=&#8221;off|off|off&#8221; box_shadow_style=&#8221;preset6&#8243; box_shadow_horizontal=&#8221;-51px&#8221; box_shadow_vertical=&#8221;-15px&#8221; box_shadow_blur=&#8221;71px&#8221; box_shadow_spread=&#8221;80px&#8221; box_shadow_color=&#8221;#0a0000&#8243; global_colors_info=&#8221;{}&#8221; da_is_popup=&#8221;off&#8221; da_exit_intent=&#8221;off&#8221; da_has_close=&#8221;on&#8221; da_alt_close=&#8221;off&#8221; da_dark_close=&#8221;off&#8221; da_not_modal=&#8221;on&#8221; da_is_singular=&#8221;off&#8221; da_with_loader=&#8221;off&#8221; da_has_shadow=&#8221;on&#8221;][et_pb_row _builder_version=&#8221;4.27.4&#8243; _module_preset=&#8221;default&#8221; global_colors_info=&#8221;{}&#8221;][et_pb_column type=&#8221;4_4&#8243; _builder_version=&#8221;4.24.0&#8243; _module_preset=&#8221;default&#8221; global_colors_info=&#8221;{}&#8221;][et_pb_text _builder_version=&#8221;4.27.4&#8243; _module_preset=&#8221;default&#8221; header_font=&#8221;Montserrat|700|||||||&#8221; header_text_color=&#8221;#EB805C&#8221; header_font_size=&#8221;60px&#8221; header_font_size_tablet=&#8221;60px&#8221; header_font_size_phone=&#8221;40px&#8221; header_font_size_last_edited=&#8221;on|phone&#8221; header_text_shadow_style=&#8221;preset3&#8243; header_text_shadow_vertical_length=&#8221;0.04em&#8221; header_text_shadow_color=&#8221;#0a0000&#8243; global_colors_info=&#8221;{}&#8221;]<\/p>\n<h1>CONVI\u00c9RTETE EN UN SPEAKER DE WOBI<\/h1>\n<p>[\/et_pb_text][et_pb_text _builder_version=&#8221;4.27.4&#8243; _module_preset=&#8221;default&#8221; text_font=&#8221;Montserrat|800|||||||&#8221; text_text_color=&#8221;#FFFFFF&#8221; text_font_size=&#8221;24px&#8221; width=&#8221;46%&#8221; text_font_size_tablet=&#8221;20px&#8221; text_font_size_phone=&#8221;15px&#8221; text_font_size_last_edited=&#8221;on|phone&#8221; text_text_shadow_style=&#8221;preset1&#8243; text_text_shadow_color=&#8221;#000000&#8243; global_colors_info=&#8221;{}&#8221;]<\/p>\n<p><span style=\"font-weight: 400;\">En WOBI trabajamos con algunos de los l\u00edderes de pensamiento empresarial, acad\u00e9micos y profesionales m\u00e1s respetados del mundo.<\/span><\/p>\n<p>[\/et_pb_text][\/et_pb_column][\/et_pb_row][\/et_pb_section][et_pb_section fb_built=&#8221;1&#8243; _builder_version=&#8221;4.24.0&#8243; _module_preset=&#8221;default&#8221; background_color=&#8221;#0c0c0c&#8221; da_disable_devices=&#8221;off|off|off&#8221; global_colors_info=&#8221;{}&#8221; da_is_popup=&#8221;off&#8221; da_exit_intent=&#8221;off&#8221; da_has_close=&#8221;on&#8221; da_alt_close=&#8221;off&#8221; da_dark_close=&#8221;off&#8221; da_not_modal=&#8221;on&#8221; da_is_singular=&#8221;off&#8221; da_with_loader=&#8221;off&#8221; da_has_shadow=&#8221;on&#8221;][et_pb_row _builder_version=&#8221;4.24.0&#8243; _module_preset=&#8221;default&#8221; global_colors_info=&#8221;{}&#8221;][et_pb_column type=&#8221;4_4&#8243; _builder_version=&#8221;4.24.0&#8243; _module_preset=&#8221;default&#8221; global_colors_info=&#8221;{}&#8221;][et_pb_text _builder_version=&#8221;4.27.4&#8243; _module_preset=&#8221;default&#8221; custom_margin=&#8221;||10px||false|false&#8221; custom_padding=&#8221;||0px||false|false&#8221; header_font_size_tablet=&#8221;&#8221; header_font_size_phone=&#8221;15px&#8221; header_font_size_last_edited=&#8221;on|phone&#8221; header_3_font_size_tablet=&#8221;&#8221; header_3_font_size_phone=&#8221;18px&#8221; header_3_font_size_last_edited=&#8221;on|phone&#8221; global_colors_info=&#8221;{}&#8221;]<\/p>\n<h3 style=\"text-align: center;\"><span style=\"font-weight: 400;\">Nuestro objetivo es proporcionar a altos ejecutivos de todo el mundo ideas y aprendizajes que les ayuden a mejorar la forma en que gestionan sus organizaciones. <\/span><span style=\"font-weight: 400; color: #5e97b2;\">Para lograrlo, seleccionamos cuidadosamente y difundimos lo mejor del pensamiento en management a trav\u00e9s de m\u00faltiples plataformas \u2014 incluyendo nuestros eventos, aplicaci\u00f3n m\u00f3vil y canal de televisi\u00f3n \u2014. <\/span><span style=\"font-weight: 400;\">Si est\u00e1s interesado en ser un speaker de WOBI, por favor completa el siguiente formulario:<\/span><\/h3>\n<p>[\/et_pb_text][et_pb_divider color=&#8221;#EB805C&#8221; _builder_version=&#8221;4.24.0&#8243; _module_preset=&#8221;default&#8221; width=&#8221;45%&#8221; width_tablet=&#8221;45%&#8221; width_phone=&#8221;30%&#8221; width_last_edited=&#8221;on|phone&#8221; module_alignment=&#8221;center&#8221; custom_margin=&#8221;0px||||false|false&#8221; custom_padding=&#8221;0px||||false|false&#8221; global_colors_info=&#8221;{}&#8221;][\/et_pb_divider][\/et_pb_column][\/et_pb_row][et_pb_row _builder_version=&#8221;4.24.0&#8243; _module_preset=&#8221;default&#8221; global_colors_info=&#8221;{}&#8221;][et_pb_column type=&#8221;4_4&#8243; _builder_version=&#8221;4.24.0&#8243; _module_preset=&#8221;default&#8221; global_colors_info=&#8221;{}&#8221;][wpforms_selector form_id=&#8221;271756&#8243; _builder_version=&#8221;4.27.4&#8243; _module_preset=&#8221;default&#8221; width=&#8221;100%&#8221; module_alignment=&#8221;center&#8221; hover_enabled=&#8221;0&#8243; global_colors_info=&#8221;{}&#8221; sticky_enabled=&#8221;0&#8243;][\/wpforms_selector][\/et_pb_column][\/et_pb_row][\/et_pb_section]<\/p>","protected":false},"excerpt":{"rendered":"<p>BECOME A WOBI SPEAKERAt WOBI we work with some of the world\u2019s most respected business thought leaders, academics and practitioners.Our goal is to provide senior executives from around the world with ideas and learning to help them improve how they manage their organizations. To achieve this, we carefully curate and distribute the best in management [&hellip;]<\/p>","protected":false},"author":23646,"featured_media":0,"parent":0,"menu_order":0,"comment_status":"closed","ping_status":"closed","template":"","meta":{"_acf_changed":false,"_et_pb_use_builder":"on","_et_pb_old_content":"","_et_gb_content_width":"","footnotes":""},"class_list":["post-271729","page","type-page","status-publish","hentry"],"acf":[],"yoast_head":"<!-- This site is optimized with the Yoast SEO plugin v26.8 - https:\/\/yoast.com\/product\/yoast-seo-wordpress\/ -->\n<title>Become a Speaker - WOBI<\/title>\n<meta name=\"robots\" content=\"index, follow, max-snippet:-1, max-image-preview:large, max-video-preview:-1\" \/>\n<link rel=\"canonical\" href=\"https:\/\/www.wobi.com\/es\/become-a-speaker\/\" \/>\n<meta property=\"og:locale\" content=\"es_ES\" \/>\n<meta property=\"og:type\" content=\"article\" \/>\n<meta property=\"og:title\" content=\"Become a Speaker - WOBI\" \/>\n<meta property=\"og:description\" content=\"BECOME A WOBI SPEAKERAt WOBI we work with some of the world\u2019s most respected business thought leaders, academics and practitioners.Our goal is to provide senior executives from around the world with ideas and learning to help them improve how they manage their organizations. To achieve this, we carefully curate and distribute the best in management [&hellip;]\" \/>\n<meta property=\"og:url\" content=\"https:\/\/www.wobi.com\/es\/become-a-speaker\/\" \/>\n<meta property=\"og:site_name\" content=\"WOBI\" \/>\n<meta property=\"article:modified_time\" content=\"2025-08-29T07:24:07+00:00\" \/>\n<meta name=\"twitter:card\" content=\"summary_large_image\" \/>\n<meta name=\"twitter:label1\" content=\"Tiempo de lectura\" \/>\n\t<meta name=\"twitter:data1\" content=\"3 minutos\" \/>\n<script type=\"application\/ld+json\" class=\"yoast-schema-graph\">{\"@context\":\"https:\/\/schema.org\",\"@graph\":[{\"@type\":\"WebPage\",\"@id\":\"https:\/\/www.wobi.com\/become-a-speaker\/\",\"url\":\"https:\/\/www.wobi.com\/become-a-speaker\/\",\"name\":\"Become a Speaker - WOBI\",\"isPartOf\":{\"@id\":\"https:\/\/www.wobi.com\/#website\"},\"datePublished\":\"2024-06-18T15:34:44+00:00\",\"dateModified\":\"2025-08-29T07:24:07+00:00\",\"breadcrumb\":{\"@id\":\"https:\/\/www.wobi.com\/become-a-speaker\/#breadcrumb\"},\"inLanguage\":\"es\",\"potentialAction\":[{\"@type\":\"ReadAction\",\"target\":[\"https:\/\/www.wobi.com\/become-a-speaker\/\"]}]},{\"@type\":\"BreadcrumbList\",\"@id\":\"https:\/\/www.wobi.com\/become-a-speaker\/#breadcrumb\",\"itemListElement\":[{\"@type\":\"ListItem\",\"position\":1,\"name\":\"Home\",\"item\":\"https:\/\/www.wobi.com\/\"},{\"@type\":\"ListItem\",\"position\":2,\"name\":\"Become a Speaker\"}]},{\"@type\":\"WebSite\",\"@id\":\"https:\/\/www.wobi.com\/#website\",\"url\":\"https:\/\/www.wobi.com\/\",\"name\":\"WOBI\",\"description\":\"World of Business Ideas\",\"publisher\":{\"@id\":\"https:\/\/www.wobi.com\/#organization\"},\"potentialAction\":[{\"@type\":\"SearchAction\",\"target\":{\"@type\":\"EntryPoint\",\"urlTemplate\":\"https:\/\/www.wobi.com\/?s={search_term_string}\"},\"query-input\":{\"@type\":\"PropertyValueSpecification\",\"valueRequired\":true,\"valueName\":\"search_term_string\"}}],\"inLanguage\":\"es\"},{\"@type\":\"Organization\",\"@id\":\"https:\/\/www.wobi.com\/#organization\",\"name\":\"WOBI\",\"url\":\"https:\/\/www.wobi.com\/\",\"logo\":{\"@type\":\"ImageObject\",\"inLanguage\":\"es\",\"@id\":\"https:\/\/www.wobi.com\/#\/schema\/logo\/image\/\",\"url\":\"https:\/\/www.wobi.com\/wp-content\/uploads\/2022\/02\/wobi-logo-blue.svg\",\"contentUrl\":\"https:\/\/www.wobi.com\/wp-content\/uploads\/2022\/02\/wobi-logo-blue.svg\",\"width\":283.46,\"height\":76.18,\"caption\":\"WOBI\"},\"image\":{\"@id\":\"https:\/\/www.wobi.com\/#\/schema\/logo\/image\/\"}}]}<\/script>\n<!-- \/ Yoast SEO plugin. -->","yoast_head_json":{"title":"Become a Speaker - WOBI","robots":{"index":"index","follow":"follow","max-snippet":"max-snippet:-1","max-image-preview":"max-image-preview:large","max-video-preview":"max-video-preview:-1"},"canonical":"https:\/\/www.wobi.com\/es\/become-a-speaker\/","og_locale":"es_ES","og_type":"article","og_title":"Become a Speaker - WOBI","og_description":"BECOME A WOBI SPEAKERAt WOBI we work with some of the world\u2019s most respected business thought leaders, academics and practitioners.Our goal is to provide senior executives from around the world with ideas and learning to help them improve how they manage their organizations. To achieve this, we carefully curate and distribute the best in management [&hellip;]","og_url":"https:\/\/www.wobi.com\/es\/become-a-speaker\/","og_site_name":"WOBI","article_modified_time":"2025-08-29T07:24:07+00:00","twitter_card":"summary_large_image","twitter_misc":{"Tiempo de lectura":"3 minutos"},"schema":{"@context":"https:\/\/schema.org","@graph":[{"@type":"WebPage","@id":"https:\/\/www.wobi.com\/become-a-speaker\/","url":"https:\/\/www.wobi.com\/become-a-speaker\/","name":"Become a Speaker - WOBI","isPartOf":{"@id":"https:\/\/www.wobi.com\/#website"},"datePublished":"2024-06-18T15:34:44+00:00","dateModified":"2025-08-29T07:24:07+00:00","breadcrumb":{"@id":"https:\/\/www.wobi.com\/become-a-speaker\/#breadcrumb"},"inLanguage":"es","potentialAction":[{"@type":"ReadAction","target":["https:\/\/www.wobi.com\/become-a-speaker\/"]}]},{"@type":"BreadcrumbList","@id":"https:\/\/www.wobi.com\/become-a-speaker\/#breadcrumb","itemListElement":[{"@type":"ListItem","position":1,"name":"Home","item":"https:\/\/www.wobi.com\/"},{"@type":"ListItem","position":2,"name":"Become a Speaker"}]},{"@type":"WebSite","@id":"https:\/\/www.wobi.com\/#website","url":"https:\/\/www.wobi.com\/","name":"WOBI","description":"World of Business Ideas","publisher":{"@id":"https:\/\/www.wobi.com\/#organization"},"potentialAction":[{"@type":"SearchAction","target":{"@type":"EntryPoint","urlTemplate":"https:\/\/www.wobi.com\/?s={search_term_string}"},"query-input":{"@type":"PropertyValueSpecification","valueRequired":true,"valueName":"search_term_string"}}],"inLanguage":"es"},{"@type":"Organization","@id":"https:\/\/www.wobi.com\/#organization","name":"WOBI","url":"https:\/\/www.wobi.com\/","logo":{"@type":"ImageObject","inLanguage":"es","@id":"https:\/\/www.wobi.com\/#\/schema\/logo\/image\/","url":"https:\/\/www.wobi.com\/wp-content\/uploads\/2022\/02\/wobi-logo-blue.svg","contentUrl":"https:\/\/www.wobi.com\/wp-content\/uploads\/2022\/02\/wobi-logo-blue.svg","width":283.46,"height":76.18,"caption":"WOBI"},"image":{"@id":"https:\/\/www.wobi.com\/#\/schema\/logo\/image\/"}}]}},"_links":{"self":[{"href":"https:\/\/www.wobi.com\/es\/wp-json\/wp\/v2\/pages\/271729","targetHints":{"allow":["GET"]}}],"collection":[{"href":"https:\/\/www.wobi.com\/es\/wp-json\/wp\/v2\/pages"}],"about":[{"href":"https:\/\/www.wobi.com\/es\/wp-json\/wp\/v2\/types\/page"}],"author":[{"embeddable":true,"href":"https:\/\/www.wobi.com\/es\/wp-json\/wp\/v2\/users\/23646"}],"replies":[{"embeddable":true,"href":"https:\/\/www.wobi.com\/es\/wp-json\/wp\/v2\/comments?post=271729"}],"version-history":[{"count":19,"href":"https:\/\/www.wobi.com\/es\/wp-json\/wp\/v2\/pages\/271729\/revisions"}],"predecessor-version":[{"id":283993,"href":"https:\/\/www.wobi.com\/es\/wp-json\/wp\/v2\/pages\/271729\/revisions\/283993"}],"wp:attachment":[{"href":"https:\/\/www.wobi.com\/es\/wp-json\/wp\/v2\/media?parent=271729"}],"curies":[{"name":"wp","href":"https:\/\/api.w.org\/{rel}","templated":true}]}}